{"id":25,"date":"2011-01-15T15:56:52","date_gmt":"2011-01-15T14:56:52","guid":{"rendered":"http:\/\/nillans.com\/?page_id=25"},"modified":"2011-01-15T15:56:52","modified_gmt":"2011-01-15T14:56:52","slug":"valkommen","status":"publish","type":"page","link":"https:\/\/nillans.com\/","title":{"rendered":"V\u00e4lkommen!"},"content":{"rendered":"<div>\n<p>Bloggen (aka dagbok) \u00e4r till f\u00f6r mig och mina funderingar, frustrationer och gl\u00e4dje\u00e4mnen. De som st\u00e5r mig n\u00e4ra har dock tillg\u00e5ng till mina tankar &#8211; b\u00e5de h\u00e4r och i verkliga livet ;)<\/p>\n<p>Jag v\u00e4lkomnar dig som vill vara en del av mina tankar. Jag kan inte lova att jag inte kommer oroar dig f\u00f6r mycket, mitt liv \u00e4r r\u00f6rigt. D\u00e4remot hoppas jag att jag lyckas roa dig d\u00e5 och d\u00e5.<\/p>\n<h5><\/h5>\n<p><strong>Citat just nu:<\/strong><br \/>\n<em><span style=\"font-size: x-small;\"><span style=\"color: #008000;\"><strong><br \/>\n<span style=\"color: #339966;\"> &#8221;Alla dessa dagar som kom och gick, inte visste jag att det var livet.&#8221;<br \/>\nStig Johansson<\/span><\/strong><\/span><\/span><\/em><\/p>\n<p><em><\/em><span style=\"font-size: x-small;\"><span style=\"color: #008000;\"><em><strong><span style=\"color: #339966;\">&#8221;Att jag finns \u00e4r inte samma sak som att jag lever&#8221;<br \/>\nok\u00e4nd<\/span><\/strong><\/em><\/span><\/span><\/p>\n<p><em><\/em><span style=\"font-size: x-small;\"><span style=\"color: #008000;\"><em><strong><span style=\"color: #339966;\">&#8221;H\u00e5ll det f\u00f6r m\u00f6jligt \u00e4ven om det inte beh\u00f6ver vara sant&#8221;<br \/>\n<\/span><\/strong><\/em><\/span><\/span><\/p>\n<\/div>\n<h2><span class=\"fontsforweb_fontid_270\" style=\"font-family: Julee, cursive;\">Stora kramen fr\u00e5n en tidvis trasig sj\u00e4l!<\/span><\/h2>\n","protected":false},"excerpt":{"rendered":"<p>Bloggen (aka dagbok) \u00e4r till f\u00f6r mig och mina funderingar, frustrationer och gl\u00e4dje\u00e4mnen. De som st\u00e5r mig n\u00e4ra har dock tillg\u00e5ng till mina tankar &#8211; b\u00e5de h\u00e4r och i verkliga livet ;) Jag v\u00e4lkomnar dig som vill vara en del &hellip; <a href=\"https:\/\/nillans.com\/\">Forts\u00e4tt l\u00e4sa <span class=\"meta-nav\">&rarr;<\/span><\/a><\/p>\n","protected":false},"author":1,"featured_media":0,"parent":0,"menu_order":0,"comment_status":"closed","ping_status":"closed","template":"","meta":{"footnotes":""},"class_list":["post-25","page","type-page","status-publish","hentry"],"_links":{"self":[{"href":"https:\/\/nillans.com\/index.php?rest_route=\/wp\/v2\/pages\/25","targetHints":{"allow":["GET"]}}],"collection":[{"href":"https:\/\/nillans.com\/index.php?rest_route=\/wp\/v2\/pages"}],"about":[{"href":"https:\/\/nillans.com\/index.php?rest_route=\/wp\/v2\/types\/page"}],"author":[{"embeddable":true,"href":"https:\/\/nillans.com\/index.php?rest_route=\/wp\/v2\/users\/1"}],"replies":[{"embeddable":true,"href":"https:\/\/nillans.com\/index.php?rest_route=%2Fwp%2Fv2%2Fcomments&post=25"}],"version-history":[{"count":0,"href":"https:\/\/nillans.com\/index.php?rest_route=\/wp\/v2\/pages\/25\/revisions"}],"wp:attachment":[{"href":"https:\/\/nillans.com\/index.php?rest_route=%2Fwp%2Fv2%2Fmedia&parent=25"}],"curies":[{"name":"wp","href":"https:\/\/api.w.org\/{rel}","templated":true}]}}